{"id":1806,"date":"2021-09-10T09:25:12","date_gmt":"2021-09-10T09:25:12","guid":{"rendered":"https:\/\/se1910.com\/our-management\/"},"modified":"2025-02-12T12:06:54","modified_gmt":"2025-02-12T03:06:54","slug":"our-management","status":"publish","type":"page","link":"https:\/\/tax.se1910.com\/de\/our-management\/","title":{"rendered":"Management"},"content":{"rendered":"<div id='full_slider_1'  class='avia-fullwidth-slider main_color avia-shadow   avia-builder-el-0  el_before_av_section  avia-builder-el-first   container_wrap sidebar_right'  >\n<style type=\"text\/css\" data-created_by=\"avia_inline_auto\" id=\"style-css-av-m71bxwmj-c584adf554ffce150273cf52fc4d9789\">\n#top #wrap_all .avia-slideshow .av-slideshow-caption.av-m71bxwmj-c584adf554ffce150273cf52fc4d9789__0 .avia-caption-title{\nfont-size:36px;\n}\n<\/style>\n<div  class='avia-slideshow av-m71bxwmj-c584adf554ffce150273cf52fc4d9789 avia-slideshow-no scaling av_slideshow_full avia-slide-slider av-slideshow-ui av-control-hidden av-no-slider-navigation av-hide-nav-arrows av-slideshow-manual av-loop-once av-loop-manual-endless av-default-height-applied   avia-slideshow-1' data-slideshow-options=\"{&quot;animation&quot;:&quot;slide&quot;,&quot;autoplay&quot;:false,&quot;loop_autoplay&quot;:&quot;once&quot;,&quot;interval&quot;:5,&quot;loop_manual&quot;:&quot;manual-endless&quot;,&quot;autoplay_stopper&quot;:false,&quot;noNavigation&quot;:true,&quot;bg_slider&quot;:false,&quot;keep_padding&quot;:false,&quot;hoverpause&quot;:false,&quot;show_slide_delay&quot;:0}\"  itemprop=\"image\" itemscope=\"itemscope\" itemtype=\"https:\/\/schema.org\/ImageObject\" ><ul class='avia-slideshow-inner ' style='padding-bottom: 26.041666666667%;'><li  class='avia-slideshow-slide av-m71bxwmj-c584adf554ffce150273cf52fc4d9789__0  av-single-slide slide-1 slide-odd'><div data-rel='slideshow-1' class='avia-slide-wrap '   ><div class='av-slideshow-caption av-m71bxwmj-c584adf554ffce150273cf52fc4d9789__0 caption_fullwidth caption_center'><div class=\"container caption_container\"><div class=\"slideshow_caption\"><div class=\"slideshow_inner_caption\"><div class=\"slideshow_align_caption\"><h2 class='avia-caption-title '  itemprop=\"name\" >Management<\/h2><\/div><\/div><\/div><\/div><\/div><img decoding=\"async\" class=\"wp-image-3277 avia-img-lazy-loading-not-3277\"  src=\"https:\/\/tax.se1910.com\/wp-content\/uploads\/2021\/12\/SE_HeaderImg_Home_1.jpg\" width=\"1920\" height=\"500\" title='SE_HeaderImg_Home_1' alt=''  itemprop=\"thumbnailUrl\"  style='min-height:300px; min-width:1152px; ' srcset=\"https:\/\/tax.se1910.com\/wp-content\/uploads\/2021\/12\/SE_HeaderImg_Home_1.jpg 1920w, https:\/\/tax.se1910.com\/wp-content\/uploads\/2021\/12\/SE_HeaderImg_Home_1-300x78.jpg 300w, https:\/\/tax.se1910.com\/wp-content\/uploads\/2021\/12\/SE_HeaderImg_Home_1-1030x268.jpg 1030w, https:\/\/tax.se1910.com\/wp-content\/uploads\/2021\/12\/SE_HeaderImg_Home_1-768x200.jpg 768w, https:\/\/tax.se1910.com\/wp-content\/uploads\/2021\/12\/SE_HeaderImg_Home_1-1536x400.jpg 1536w, https:\/\/tax.se1910.com\/wp-content\/uploads\/2021\/12\/SE_HeaderImg_Home_1-1500x391.jpg 1500w, https:\/\/tax.se1910.com\/wp-content\/uploads\/2021\/12\/SE_HeaderImg_Home_1-705x184.jpg 705w, https:\/\/tax.se1910.com\/wp-content\/uploads\/2021\/12\/SE_HeaderImg_Home_1-450x117.jpg 450w\" sizes=\"(max-width: 1920px) 100vw, 1920px\" \/><div class='av-section-color-overlay' style='opacity: 0.5; background-color: #232323; '><\/div><\/div><\/li><\/ul><\/div><\/div>\n<div id='av_section_1'  class='avia-section av-av_section-31779286dc2676a8567fef3678c764df main_color avia-section-default avia-no-shadow  avia-builder-el-1  el_after_av_slideshow_full  avia-builder-el-last  avia-bg-style-scroll container_wrap sidebar_right'  ><div class='container av-section-cont-open' ><div class='template-page content  av-content-small alpha units'><div class='post-entry post-entry-type-page post-entry-1806'><div class='entry-content-wrapper clearfix'>\n\n<style type=\"text\/css\" data-created_by=\"avia_inline_auto\" id=\"style-css-av-av_one_third-6126cab7d8fab8d08143dd2dacdf673c\">\n.flex_column.av-av_one_third-6126cab7d8fab8d08143dd2dacdf673c{\n-webkit-border-radius:0px 0px 0px 0px;\n-moz-border-radius:0px 0px 0px 0px;\nborder-radius:0px 0px 0px 0px;\npadding:0px 0px 0px 0px;\n}\n<\/style>\n<div  class='flex_column av-av_one_third-6126cab7d8fab8d08143dd2dacdf673c av_one_third  avia-builder-el-2  el_before_av_two_third  avia-builder-el-first  first flex_column_div av-zero-column-padding  '     ><style type=\"text\/css\" data-created_by=\"avia_inline_auto\" id=\"style-css-av-av_image-9e799091b85f70baac692d54c13ec937\">\n.avia-image-container.av-av_image-9e799091b85f70baac692d54c13ec937 img.avia_image{\nbox-shadow:none;\n}\n.avia-image-container.av-av_image-9e799091b85f70baac692d54c13ec937 .av-image-caption-overlay-center{\ncolor:#ffffff;\n}\n<\/style>\n<div  class='avia-image-container av-av_image-9e799091b85f70baac692d54c13ec937 av-styling- avia-align-center  avia-builder-el-3  avia-builder-el-no-sibling '   itemprop=\"image\" itemscope=\"itemscope\" itemtype=\"https:\/\/schema.org\/ImageObject\" ><div class=\"avia-image-container-inner\"><div class=\"avia-image-overlay-wrap\"><img decoding=\"async\" class='wp-image-1799 avia-img-lazy-loading-not-1799 avia_image ' src=\"https:\/\/tax.se1910.com\/wp-content\/uploads\/2021\/09\/PA-Einsel_F.jpg\" alt='' title='PA-Einsel_F'  height=\"300\" width=\"300\"  itemprop=\"thumbnailUrl\" srcset=\"https:\/\/tax.se1910.com\/wp-content\/uploads\/2021\/09\/PA-Einsel_F.jpg 300w, https:\/\/tax.se1910.com\/wp-content\/uploads\/2021\/09\/PA-Einsel_F-80x80.jpg 80w, https:\/\/tax.se1910.com\/wp-content\/uploads\/2021\/09\/PA-Einsel_F-36x36.jpg 36w, https:\/\/tax.se1910.com\/wp-content\/uploads\/2021\/09\/PA-Einsel_F-180x180.jpg 180w, https:\/\/tax.se1910.com\/wp-content\/uploads\/2021\/09\/PA-Einsel_F-120x120.jpg 120w\" sizes=\"(max-width: 300px) 100vw, 300px\" \/><\/div><\/div><\/div><\/div>\n<style type=\"text\/css\" data-created_by=\"avia_inline_auto\" id=\"style-css-av-av_two_third-0aa7055fe62c3622faec82866afbaeb2\">\n.flex_column.av-av_two_third-0aa7055fe62c3622faec82866afbaeb2{\n-webkit-border-radius:0px 0px 0px 0px;\n-moz-border-radius:0px 0px 0px 0px;\nborder-radius:0px 0px 0px 0px;\npadding:0px 0px 0px 0px;\n}\n<\/style>\n<div  class='flex_column av-av_two_third-0aa7055fe62c3622faec82866afbaeb2 av_two_third  avia-builder-el-4  el_after_av_one_third  avia-builder-el-last  flex_column_div av-zero-column-padding  '     ><p>\n<style type=\"text\/css\" data-created_by=\"avia_inline_auto\" id=\"style-css-av-av_heading-5ea2c8eaf8326bd63442901304af7c64\">\n#top .av-special-heading.av-av_heading-5ea2c8eaf8326bd63442901304af7c64{\npadding-bottom:10px;\n}\nbody .av-special-heading.av-av_heading-5ea2c8eaf8326bd63442901304af7c64 .av-special-heading-tag .heading-char{\nfont-size:25px;\n}\n.av-special-heading.av-av_heading-5ea2c8eaf8326bd63442901304af7c64 .av-subheading{\nfont-size:15px;\n}\n<\/style>\n<div  class='av-special-heading av-av_heading-5ea2c8eaf8326bd63442901304af7c64 av-special-heading-h3 blockquote modern-quote  avia-builder-el-5  el_before_av_textblock  avia-builder-el-first '><h3 class='av-special-heading-tag'  itemprop=\"headline\"  >Felix-Reinhard Einsel<\/h3><div class='av-subheading av-subheading_below'><p>Gesch\u00e4ftsf\u00fchrender Partner, Patentanwalt<\/p>\n<\/div><div class=\"special-heading-border\"><div class=\"special-heading-inner-border\"><\/div><\/div><\/div><br \/>\n<section  class='av_textblock_section av-av_textblock-396ddf1f42196ca838231e61a4602801 '   itemscope=\"itemscope\" itemtype=\"https:\/\/schema.org\/CreativeWork\" ><div class='avia_textblock'  itemprop=\"text\" ><p>Felix-Reinhard Einsel, der als Kind eines deutschen Vaters und einer japanischen Mutter in Japan geboren wurde, besuchte die deutsche Schule in Tokyo und studierte anschlie\u00dfend in Japan Vergleichendes Recht. Er setzte seine Ausbildung mit Abschl\u00fcssen in Jura und Elektrotechnik in den USA und Japan fort. Er ist Mitglied der New York State Bar Association und war der erste Staatsangeh\u00f6rige eines europ\u00e4ischen Landes, der die japanische Patentanwaltspr\u00fcfung bestand.<\/p>\n<p>Herr Einsel trat 1994 der Kanzlei bei, und gewann schnell die Anerkennung und das Vertrauen der japanischen und internationalen Mandanten als kompetenter Partner in allen Belangen des gewerblichen Rechtsschutzes. Seit vielen Jahren spielt Herr Einsel eine aktive Rolle in der internationalen Gemeinschaft in Japan und wurde 2015 in den Vorstand der Deutschen Industrie- und Handelskammer in Japan gew\u00e4hlt.<\/p>\n<p>Im Jahre 2009 trat Felix-Reinhard Einsel in die Fu\u00dfstapfen seines Vaters Reinhard Einsel und wurde gesch\u00e4ftsf\u00fchrender Partner unserer Kanzlei. Seitdem f\u00fchrt er die Kanzlei in ihrem zweiten Jahrhundert erfolgreicher Gesch\u00e4ftst\u00e4tigkeit in Japan.<\/p>\n<\/div><\/section><\/p><\/div><\/div><\/div><\/div><!-- close content main div --><\/div><\/div><div id='after_section_1'  class='main_color av_default_container_wrap container_wrap sidebar_right'  ><div class='container av-section-cont-open' ><div class='template-page content  av-content-small alpha units'><div class='post-entry post-entry-type-page post-entry-1806'><div class='entry-content-wrapper clearfix'>\n","protected":false},"excerpt":{"rendered":"","protected":false},"author":9,"featured_media":0,"parent":0,"menu_order":0,"comment_status":"closed","ping_status":"closed","template":"","meta":{"_acf_changed":false,"footnotes":""},"class_list":["post-1806","page","type-page","status-publish","hentry"],"acf":[],"_links":{"self":[{"href":"https:\/\/tax.se1910.com\/de\/wp-json\/wp\/v2\/pages\/1806","targetHints":{"allow":["GET"]}}],"collection":[{"href":"https:\/\/tax.se1910.com\/de\/wp-json\/wp\/v2\/pages"}],"about":[{"href":"https:\/\/tax.se1910.com\/de\/wp-json\/wp\/v2\/types\/page"}],"author":[{"embeddable":true,"href":"https:\/\/tax.se1910.com\/de\/wp-json\/wp\/v2\/users\/9"}],"replies":[{"embeddable":true,"href":"https:\/\/tax.se1910.com\/de\/wp-json\/wp\/v2\/comments?post=1806"}],"version-history":[{"count":10,"href":"https:\/\/tax.se1910.com\/de\/wp-json\/wp\/v2\/pages\/1806\/revisions"}],"predecessor-version":[{"id":1812,"href":"https:\/\/tax.se1910.com\/de\/wp-json\/wp\/v2\/pages\/1806\/revisions\/1812"}],"wp:attachment":[{"href":"https:\/\/tax.se1910.com\/de\/wp-json\/wp\/v2\/media?parent=1806"}],"curies":[{"name":"wp","href":"https:\/\/api.w.org\/{rel}","templated":true}]}}