{"id":1823,"date":"2021-09-13T07:37:07","date_gmt":"2021-09-13T07:37:07","guid":{"rendered":"https:\/\/se1910.com\/social-responsibility\/"},"modified":"2023-03-02T09:33:44","modified_gmt":"2023-03-02T00:33:44","slug":"social-responsibility","status":"publish","type":"page","link":"https:\/\/tax.se1910.com\/de\/social-responsibility\/","title":{"rendered":"Nachhaltigkeit"},"content":{"rendered":"<div id='full_slider_1'  class='avia-fullwidth-slider main_color avia-shadow   avia-builder-el-0  el_before_av_section  avia-builder-el-first   container_wrap sidebar_right'  >\n<style type=\"text\/css\" data-created_by=\"avia_inline_auto\" id=\"style-css-av-av_slideshow_full-85f7e3fd109e36cdb2713ea35cfe5185\">\n#top #wrap_all .avia-slideshow .av-slideshow-caption.av-av_slideshow_full-85f7e3fd109e36cdb2713ea35cfe5185__0 .avia-caption-title{\nfont-size:36px;\n}\n<\/style>\n<div  class='avia-slideshow av-av_slideshow_full-85f7e3fd109e36cdb2713ea35cfe5185 avia-slideshow-no scaling av_slideshow_full avia-slide-slider av-slideshow-ui av-control-hidden av-no-slider-navigation av-hide-nav-arrows av-slideshow-manual av-loop-once av-loop-manual-endless av-default-height-applied   avia-slideshow-1' data-slideshow-options=\"{&quot;animation&quot;:&quot;slide&quot;,&quot;autoplay&quot;:false,&quot;loop_autoplay&quot;:&quot;once&quot;,&quot;interval&quot;:5,&quot;loop_manual&quot;:&quot;manual-endless&quot;,&quot;autoplay_stopper&quot;:false,&quot;noNavigation&quot;:true,&quot;bg_slider&quot;:false,&quot;keep_padding&quot;:false,&quot;hoverpause&quot;:false,&quot;show_slide_delay&quot;:0}\"  itemprop=\"image\" itemscope=\"itemscope\" itemtype=\"https:\/\/schema.org\/ImageObject\" ><ul class='avia-slideshow-inner ' style='padding-bottom: 56.25%;'><li  class='avia-slideshow-slide av-av_slideshow_full-85f7e3fd109e36cdb2713ea35cfe5185__0  av-single-slide slide-1 slide-odd'><div data-rel='slideshow-1' class='avia-slide-wrap '   ><div class='av-slideshow-caption av-av_slideshow_full-85f7e3fd109e36cdb2713ea35cfe5185__0 caption_fullwidth caption_center'><div class=\"container caption_container\"><div class=\"slideshow_caption\"><div class=\"slideshow_inner_caption\"><div class=\"slideshow_align_caption\"><h2 class='avia-caption-title '  itemprop=\"name\" >Nachhaltigkeit<\/h2><\/div><\/div><\/div><\/div><\/div><img decoding=\"async\" class=\"wp-image-578 avia-img-lazy-loading-not-578\"  src=\"https:\/\/tax.se1910.com\/wp-content\/uploads\/2021\/07\/e99cceb5cd97e051af6c43186e045564-e1641635708136.jpg\" width=\"1920\" height=\"1080\" title='e99cceb5cd97e051af6c43186e045564' alt=''  itemprop=\"thumbnailUrl\"  style='min-height:300px; min-width:534px; ' \/><div class='av-section-color-overlay' style='opacity: 0.5; background-color: #232323; '><\/div><\/div><\/li><\/ul><\/div><\/div>\n<div id='av_section_1'  class='avia-section av-av_section-31779286dc2676a8567fef3678c764df main_color avia-section-default avia-no-shadow  avia-builder-el-1  el_after_av_slideshow_full  avia-builder-el-last  avia-bg-style-scroll container_wrap sidebar_right'  ><div class='container av-section-cont-open' ><div class='template-page content  av-content-small alpha units'><div class='post-entry post-entry-type-page post-entry-1823'><div class='entry-content-wrapper clearfix'>\n\n<style type=\"text\/css\" data-created_by=\"avia_inline_auto\" id=\"style-css-av-av_one_full-6126cab7d8fab8d08143dd2dacdf673c\">\n.flex_column.av-av_one_full-6126cab7d8fab8d08143dd2dacdf673c{\n-webkit-border-radius:0px 0px 0px 0px;\n-moz-border-radius:0px 0px 0px 0px;\nborder-radius:0px 0px 0px 0px;\npadding:0px 0px 0px 0px;\n}\n<\/style>\n<div  class='flex_column av-av_one_full-6126cab7d8fab8d08143dd2dacdf673c av_one_full  avia-builder-el-2  avia-builder-el-no-sibling  first flex_column_div av-zero-column-padding  '     ><p><section  class='av_textblock_section av-av_textblock-396ddf1f42196ca838231e61a4602801 '   itemscope=\"itemscope\" itemtype=\"https:\/\/schema.org\/CreativeWork\" ><div class='avia_textblock'  itemprop=\"text\" ><p>Sonderhoff &amp; Einsel Law and Patent Office wurde 1910 von drei Ausl\u00e4ndern, einem deutschen Anwalt, einem englischen Barrister und einem australischen Solicitor, in Yokohama gegr\u00fcndet. Seitdem ist unsere Kanzlei eine multikulturelle und aufgeschlossene Kanzlei f\u00fcr beide, japanische und ausl\u00e4ndische Mitarbeiter. Unser Buero bietet einen vielf\u00e4ltigen Arbeitsplatz f\u00fcr jeden, unterst\u00fctzt die Work-Life-Balance der Angestellten und gibt jedem Gelegenheit, eigene F\u00e4higkeiten zu verbessern. Wir legen unser Konzept auf das japanische \u201c\u548cWa\u201d fest, das Kooperation, Harmonie und soziales Engagement bedeutet, und wir glauben, dass es wichtig ist, wohlt\u00e4tige Aktivit\u00e4ten zu unterst\u00fctzen, wobei wir auf folgende besonders hinweisen m\u00f6chten:<\/p>\n<\/div><\/section><br \/>\n\n<style type=\"text\/css\" data-created_by=\"avia_inline_auto\" id=\"style-css-av-av_heading-8ceea491880f1a7d1aa79369a68757d4\">\n#top .av-special-heading.av-av_heading-8ceea491880f1a7d1aa79369a68757d4{\npadding-bottom:10px;\n}\nbody .av-special-heading.av-av_heading-8ceea491880f1a7d1aa79369a68757d4 .av-special-heading-tag .heading-char{\nfont-size:25px;\n}\n.av-special-heading.av-av_heading-8ceea491880f1a7d1aa79369a68757d4 .av-subheading{\nfont-size:15px;\n}\n<\/style>\n<div  class='av-special-heading av-av_heading-8ceea491880f1a7d1aa79369a68757d4 av-special-heading-h3 blockquote modern-quote  avia-builder-el-4  el_after_av_textblock  el_before_av_textblock '><h3 class='av-special-heading-tag'  itemprop=\"headline\"  >Aktivit\u00e4ten f\u00fcr die Community<\/h3><div class=\"special-heading-border\"><div class=\"special-heading-inner-border\"><\/div><\/div><\/div><br \/>\n<section  class='av_textblock_section av-av_textblock-396ddf1f42196ca838231e61a4602801 '   itemscope=\"itemscope\" itemtype=\"https:\/\/schema.org\/CreativeWork\" ><div class='avia_textblock'  itemprop=\"text\" ><ul>\n<li>Um eine auf Multikulturalismus basierende Bildung in Japan zu f\u00f6rdern, hat der Managing Partner unserer Kanzlei Felix-Reinhard Einsel in 2022 die <a href=\"https:\/\/www.heinessen-foundation.org\/\">HEINESSEN Multicultural Support Foundation<\/a> gegru\u0308ndet. Das Ziel der HEINESSEN-Stiftung ist es, Multikulturalit\u00e4t auch in die Ausbildung zuku\u0308nftiger Rechts- und Patentanw\u00e4lte in Japan einflie\u00dfen zu lassen. Sie richtet sich an Schu\u0308ler und Studenten, die auf diesen Berufsfeldern eine Bru\u0308cke zwischen den Kulturen Europas und Japans schlagen wollen, und m\u00f6chte dazu beitragen, die finanzielle Belastung einer solchen Ausbildung in Japan zu mindern. F\u00fcr weitere Informationen klicken Sie bitte\u00a0<a href=\"https:\/\/www.heinessen-foundation.org\/\">hier<\/a>.<\/li>\n<li>bietet Praktikum f\u00fcr ausl\u00e4ndische Studentinnen und Studenten, vor allem aus deutsch sprachigen L\u00e4ndern<\/li>\n<li>Unterst\u00fctzung und Sponsoring traditioneller deutscher Br\u00e4uche wie des <a href=\"https:\/\/www.gruenkohl.asia\/\">Gr\u00fcnkohlessen<\/a>s (eine Tradition in Norddeutschland) in Tokio jedes Jahr<\/li>\n<\/ul>\n<\/div><\/section><br \/>\n\n<style type=\"text\/css\" data-created_by=\"avia_inline_auto\" id=\"style-css-av-av_heading-7eff08d77b554dba65640ed97030ab34\">\n#top .av-special-heading.av-av_heading-7eff08d77b554dba65640ed97030ab34{\npadding-bottom:10px;\n}\nbody .av-special-heading.av-av_heading-7eff08d77b554dba65640ed97030ab34 .av-special-heading-tag .heading-char{\nfont-size:25px;\n}\n.av-special-heading.av-av_heading-7eff08d77b554dba65640ed97030ab34 .av-subheading{\nfont-size:15px;\n}\n<\/style>\n<div  class='av-special-heading av-av_heading-7eff08d77b554dba65640ed97030ab34 av-special-heading-h3 blockquote modern-quote  avia-builder-el-6  el_after_av_textblock  el_before_av_textblock '><h3 class='av-special-heading-tag'  itemprop=\"headline\"  >Wohlt\u00e4tigkeiten<\/h3><div class=\"special-heading-border\"><div class=\"special-heading-inner-border\"><\/div><\/div><\/div><br \/>\n<section  class='av_textblock_section av-av_textblock-396ddf1f42196ca838231e61a4602801 '   itemscope=\"itemscope\" itemtype=\"https:\/\/schema.org\/CreativeWork\" ><div class='avia_textblock'  itemprop=\"text\" ><ul>\n<li>Wir unterst\u00fctzen intensiv den &#8220;<a href=\"https:\/\/bdf-japan.org\/\">Fonds f\u00fcr bed\u00fcrftige Deutsche&#8221;<\/a>, nicht nur finanziell, sondern auch durch Mitarbeit von unseren Rechtsanw\u00e4lten, IP Anw\u00e4lten und Mitarbeiterinnen und Mitarbeitern.\n<p style=\"padding-left: 30px;\">&#8211; Personelle und finanzielle Unterst\u00fctzungen der Garten Party von der deutschen Botschaft<\/p>\n<p style=\"padding-left: 30px;\">&#8211; Personelle und finanzielle Unterst\u00fctzungen des traditionellen deutschen Martinsgansessens<\/p>\n<p style=\"padding-left: 30px;\">&#8211; Personelle und finanzielle Unterst\u00fctzungen des Schulfestes der Deutschen Schule Tokyo\/Yokohama<\/p>\n<\/li>\n<li>Wir spenden jedes Jahr f\u00fcr \u201cLearning Through Food Foundation (LTFF)\u201d. LTFF ist ein Wohlt\u00e4tigkeitsverein auf den Philippinen, der von der Securities and Exchange Commission of the Philippines offiziell als gemeinn\u00fctzige Stiftung anerkannt worden ist. Die Organisation stellt jeden Samstag 200 Essen f\u00fcr stark unterern\u00e4hrte Kinder bereit, die in Malaban, Binan, Laguna in den Philippinen wohnen, und ern\u00e4hrt jeden Tag etwa 130 Kinder in der Malaban Ost Grundschule, bis 7. Klasse. LTFF spendet kein Geld an die Schule, sondern deckt alle Kosten, die durch Einkauf, Transport und Vorbereiten der Essen entstehen. LTFF hat durch gezieltes Fundraising, u. a. von S&amp;E, feste Zusagen erhalten, um die Kosten f\u00fcr die Mahlzeiten der neuen Klasse der Malaban East Elementary School f\u00fcr die n\u00e4chsten sechs Jahre zu decken..<\/li>\n<\/ul>\n<\/div><\/section><\/p><\/div><\/div><\/div><\/div><!-- close content main div --><\/div><\/div><div id='after_section_1'  class='main_color av_default_container_wrap container_wrap sidebar_right'  ><div class='container av-section-cont-open' ><div class='template-page content  av-content-small alpha units'><div class='post-entry post-entry-type-page post-entry-1823'><div class='entry-content-wrapper clearfix'>\n","protected":false},"excerpt":{"rendered":"","protected":false},"author":9,"featured_media":0,"parent":0,"menu_order":0,"comment_status":"closed","ping_status":"closed","template":"","meta":{"_acf_changed":false,"footnotes":""},"class_list":["post-1823","page","type-page","status-publish","hentry"],"acf":[],"_links":{"self":[{"href":"https:\/\/tax.se1910.com\/de\/wp-json\/wp\/v2\/pages\/1823","targetHints":{"allow":["GET"]}}],"collection":[{"href":"https:\/\/tax.se1910.com\/de\/wp-json\/wp\/v2\/pages"}],"about":[{"href":"https:\/\/tax.se1910.com\/de\/wp-json\/wp\/v2\/types\/page"}],"author":[{"embeddable":true,"href":"https:\/\/tax.se1910.com\/de\/wp-json\/wp\/v2\/users\/9"}],"replies":[{"embeddable":true,"href":"https:\/\/tax.se1910.com\/de\/wp-json\/wp\/v2\/comments?post=1823"}],"version-history":[{"count":11,"href":"https:\/\/tax.se1910.com\/de\/wp-json\/wp\/v2\/pages\/1823\/revisions"}],"predecessor-version":[{"id":11082,"href":"https:\/\/tax.se1910.com\/de\/wp-json\/wp\/v2\/pages\/1823\/revisions\/11082"}],"wp:attachment":[{"href":"https:\/\/tax.se1910.com\/de\/wp-json\/wp\/v2\/media?parent=1823"}],"curies":[{"name":"wp","href":"https:\/\/api.w.org\/{rel}","templated":true}]}}