{"id":1916,"date":"2021-09-15T05:18:48","date_gmt":"2021-09-15T05:18:48","guid":{"rendered":"https:\/\/se1910.com\/history\/"},"modified":"2025-02-12T12:03:31","modified_gmt":"2025-02-12T03:03:31","slug":"history","status":"publish","type":"page","link":"https:\/\/tax.se1910.com\/de\/history\/","title":{"rendered":"Geschichte"},"content":{"rendered":"<div id='full_slider_1'  class='avia-fullwidth-slider main_color avia-shadow   avia-builder-el-0  el_before_av_section  avia-builder-el-first   container_wrap sidebar_right'  >\n<style type=\"text\/css\" data-created_by=\"avia_inline_auto\" id=\"style-css-av-av_slideshow_full-85f7e3fd109e36cdb2713ea35cfe5185\">\n#top #wrap_all .avia-slideshow .av-slideshow-caption.av-av_slideshow_full-85f7e3fd109e36cdb2713ea35cfe5185__0 .avia-caption-title{\nfont-size:36px;\n}\n<\/style>\n<div  class='avia-slideshow av-av_slideshow_full-85f7e3fd109e36cdb2713ea35cfe5185 avia-slideshow-no scaling av_slideshow_full avia-slide-slider av-slideshow-ui av-control-hidden av-no-slider-navigation av-hide-nav-arrows av-slideshow-manual av-loop-once av-loop-manual-endless av-default-height-applied   avia-slideshow-1' data-slideshow-options=\"{&quot;animation&quot;:&quot;slide&quot;,&quot;autoplay&quot;:false,&quot;loop_autoplay&quot;:&quot;once&quot;,&quot;interval&quot;:5,&quot;loop_manual&quot;:&quot;manual-endless&quot;,&quot;autoplay_stopper&quot;:false,&quot;noNavigation&quot;:true,&quot;bg_slider&quot;:false,&quot;keep_padding&quot;:false,&quot;hoverpause&quot;:false,&quot;show_slide_delay&quot;:0}\"  itemprop=\"image\" itemscope=\"itemscope\" itemtype=\"https:\/\/schema.org\/ImageObject\" ><ul class='avia-slideshow-inner ' style='padding-bottom: 26.041666666667%;'><li  class='avia-slideshow-slide av-av_slideshow_full-85f7e3fd109e36cdb2713ea35cfe5185__0  av-single-slide slide-1 slide-odd'><div data-rel='slideshow-1' class='avia-slide-wrap '   ><div class='av-slideshow-caption av-av_slideshow_full-85f7e3fd109e36cdb2713ea35cfe5185__0 caption_fullwidth caption_center'><div class=\"container caption_container\"><div class=\"slideshow_caption\"><div class=\"slideshow_inner_caption\"><div class=\"slideshow_align_caption\"><h2 class='avia-caption-title '  itemprop=\"name\" >Geschichte<\/h2><\/div><\/div><\/div><\/div><\/div><img decoding=\"async\" class=\"wp-image-2521 avia-img-lazy-loading-not-2521\"  src=\"https:\/\/tax.se1910.com\/wp-content\/uploads\/2021\/09\/SE_HeaderImg_History_2.jpg\" width=\"1920\" height=\"500\" title='SE_HeaderImg_History_2' alt=''  itemprop=\"thumbnailUrl\"  style='min-height:300px; min-width:1152px; ' srcset=\"https:\/\/tax.se1910.com\/wp-content\/uploads\/2021\/09\/SE_HeaderImg_History_2.jpg 1920w, https:\/\/tax.se1910.com\/wp-content\/uploads\/2021\/09\/SE_HeaderImg_History_2-300x78.jpg 300w, https:\/\/tax.se1910.com\/wp-content\/uploads\/2021\/09\/SE_HeaderImg_History_2-1030x268.jpg 1030w, https:\/\/tax.se1910.com\/wp-content\/uploads\/2021\/09\/SE_HeaderImg_History_2-768x200.jpg 768w, https:\/\/tax.se1910.com\/wp-content\/uploads\/2021\/09\/SE_HeaderImg_History_2-1536x400.jpg 1536w, https:\/\/tax.se1910.com\/wp-content\/uploads\/2021\/09\/SE_HeaderImg_History_2-1500x391.jpg 1500w, https:\/\/tax.se1910.com\/wp-content\/uploads\/2021\/09\/SE_HeaderImg_History_2-705x184.jpg 705w, https:\/\/tax.se1910.com\/wp-content\/uploads\/2021\/09\/SE_HeaderImg_History_2-450x117.jpg 450w\" sizes=\"(max-width: 1920px) 100vw, 1920px\" \/><div class='av-section-color-overlay' style='opacity: 0.5; background-color: #232323; '><\/div><\/div><\/li><\/ul><\/div><\/div>\n<div id='av_section_1'  class='avia-section av-av_section-31779286dc2676a8567fef3678c764df main_color avia-section-default avia-no-shadow  avia-builder-el-1  el_after_av_slideshow_full  avia-builder-el-last  avia-bg-style-scroll container_wrap sidebar_right'  ><div class='container av-section-cont-open' ><div class='template-page content  av-content-small alpha units'><div class='post-entry post-entry-type-page post-entry-1916'><div class='entry-content-wrapper clearfix'>\n\n<style type=\"text\/css\" data-created_by=\"avia_inline_auto\" id=\"style-css-av-av_one_full-6126cab7d8fab8d08143dd2dacdf673c\">\n.flex_column.av-av_one_full-6126cab7d8fab8d08143dd2dacdf673c{\n-webkit-border-radius:0px 0px 0px 0px;\n-moz-border-radius:0px 0px 0px 0px;\nborder-radius:0px 0px 0px 0px;\npadding:0px 0px 0px 0px;\n}\n<\/style>\n<div  class='flex_column av-av_one_full-6126cab7d8fab8d08143dd2dacdf673c av_one_full  avia-builder-el-2  avia-builder-el-no-sibling  first flex_column_div av-zero-column-padding  '     ><p><section  class='av_textblock_section av-av_textblock-396ddf1f42196ca838231e61a4602801 '   itemscope=\"itemscope\" itemtype=\"https:\/\/schema.org\/CreativeWork\" ><div class='avia_textblock'  itemprop=\"text\" ><p>Die Geschichte von Sonderhoff &amp; Einsel ist die Geschichte ungew\u00f6hnlicher Pers\u00f6nlichkeiten, deren Leben sich untrennbar mit Japan verbunden hat \u2013 bis heute ist sie die Geschichte von deutschen Rechts- und Patentanw\u00e4lten, die in Japan erfolgreich bestehen und mit dem dabei erworbenen Wissen f\u00fcr den Erfolg ihrer Mandanten wirken.<\/p>\n<\/div><\/section><br \/>\n\n<style type=\"text\/css\" data-created_by=\"avia_inline_auto\" id=\"style-css-av-av_hr-1deae294de86921cadf9622fb2da0879\">\n#top .hr.hr-invisible.av-av_hr-1deae294de86921cadf9622fb2da0879{\nheight:25px;\n}\n<\/style>\n<div  class='hr av-av_hr-1deae294de86921cadf9622fb2da0879 hr-invisible  avia-builder-el-4  el_after_av_textblock  el_before_av_textblock '><span class='hr-inner '><span class=\"hr-inner-style\"><\/span><\/span><\/div><br \/>\n<section  class='av_textblock_section av-av_textblock-396ddf1f42196ca838231e61a4602801 '   itemscope=\"itemscope\" itemtype=\"https:\/\/schema.org\/CreativeWork\" ><div class='avia_textblock'  itemprop=\"text\" ><p><img decoding=\"async\" class=\"size-medium wp-image-1900 alignleft\" src=\"https:\/\/se1910.com\/wpadmin\/wp-content\/uploads\/2021\/09\/SE_History_img_1-208x300.jpg\" alt=\"\" width=\"208\" height=\"300\" srcset=\"https:\/\/tax.se1910.com\/wp-content\/uploads\/2021\/09\/SE_History_img_1-208x300.jpg 208w, https:\/\/tax.se1910.com\/wp-content\/uploads\/2021\/09\/SE_History_img_1.jpg 273w\" sizes=\"(max-width: 208px) 100vw, 208px\" \/>Die Gr\u00fcndung unserer Kanzlei l\u00e4sst sich zur\u00fcckverfolgen in das Jahr 1910. Am 8. Februar 1910 erhielt der damals 32j\u00e4hrige deutsche Jurist Dr. Karl Vogt die Zulassung als Patentanwalt in Japan. Zusammen mit dem englischen Barrister Charles Neville Crosse und dem australischen Solicitor Gilbert Octavius Heath gr\u00fcndete Vogt in Yokohama die Soziet\u00e4t \u201eCrosse, Heath &amp; Vogt\u201c. Dr. Vogt \u00fcbernahm dabei die deutsche Praxis im stark aufbl\u00fchenden deutschen Handel.<br \/>\nUrspr\u00fcnglich einer Karriere als Dirigent oder Komponist zugeneigt, hatte Vogt das Studium der Rechtswissenschaft und, auf Rat seines Vaters hin, der japanischen Sprache betrieben, um in den diplomatischen Dienst beim deutschen Ausw\u00e4rtigen Amt aufgenommen zu werden. Nach bestandenem Dolmetscherexamen Japanisch, juristischem Referendarexamen und \u2013dienst sowie juristischer Promotion und Heeresdienst in Deutschland kam er 1903 an die deutsche Botschaft nach Japan.<\/p>\n<\/div><\/section><br \/>\n\n<style type=\"text\/css\" data-created_by=\"avia_inline_auto\" id=\"style-css-av-av_hr-1deae294de86921cadf9622fb2da0879\">\n#top .hr.hr-invisible.av-av_hr-1deae294de86921cadf9622fb2da0879{\nheight:25px;\n}\n<\/style>\n<div  class='hr av-av_hr-1deae294de86921cadf9622fb2da0879 hr-invisible  avia-builder-el-6  el_after_av_textblock  el_before_av_textblock '><span class='hr-inner '><span class=\"hr-inner-style\"><\/span><\/span><\/div><br \/>\n<section  class='av_textblock_section av-av_textblock-396ddf1f42196ca838231e61a4602801 '   itemscope=\"itemscope\" itemtype=\"https:\/\/schema.org\/CreativeWork\" ><div class='avia_textblock'  itemprop=\"text\" ><p>Jedoch verlief die diplomatische Karriere f\u00fcr Vogt nicht zufriedenstellend. Seine juristischen Stellungnahmen wurden von seinen Vorgesetzten gesch\u00e4tzt, die Bef\u00f6rderungsaussichten stellten sich f\u00fcr den jungen Mann aber als nicht zufriedenstellend dar. Aufgrund seiner juristischen Promotion in Deutschland wurde Vogt in Japan die Zulassung zum japanischen Patentanwalt erteilt. Durch seinen vorigen diplomatischen Dienst in der deutschen Gemeinde bekannt und gesch\u00e4tzt, begann Vogt mit dem Aufbau einer Patentanwaltskanzlei in Yokohama. Aber auch allgemeine Rechtsfragen konnten durch die Mithilfe japanischer Rechtsanw\u00e4lte bearbeitet und, wenn n\u00f6tig, sogar vor Gericht ausgetragen werden.<br \/>\nNachdem der dreij\u00e4hrige Vertrag mit den englischen Partnern ohne Erneuerung abgelaufen war, brach im Sommer 1914 der erste Weltkrieg aus. Vogt wurde zum Milit\u00e4rdienst nach Tsingtau einberufen. Die B\u00fcroaktivit\u00e4t erhielt w\u00e4hrenddessen sein angestellter japanischer Rechtsanwalt aufrecht.<\/p>\n<\/div><\/section><br \/>\n\n<style type=\"text\/css\" data-created_by=\"avia_inline_auto\" id=\"style-css-av-av_hr-1deae294de86921cadf9622fb2da0879\">\n#top .hr.hr-invisible.av-av_hr-1deae294de86921cadf9622fb2da0879{\nheight:25px;\n}\n<\/style>\n<div  class='hr av-av_hr-1deae294de86921cadf9622fb2da0879 hr-invisible  avia-builder-el-8  el_after_av_textblock  el_before_av_textblock '><span class='hr-inner '><span class=\"hr-inner-style\"><\/span><\/span><\/div><br \/>\n<section  class='av_textblock_section av-av_textblock-396ddf1f42196ca838231e61a4602801 '   itemscope=\"itemscope\" itemtype=\"https:\/\/schema.org\/CreativeWork\" ><div class='avia_textblock'  itemprop=\"text\" ><p><img decoding=\"async\" class=\"size-medium wp-image-1903 alignright\" src=\"https:\/\/se1910.com\/wpadmin\/wp-content\/uploads\/2021\/09\/SE_History_img_2-208x300.jpg\" alt=\"\" width=\"208\" height=\"300\" srcset=\"https:\/\/tax.se1910.com\/wp-content\/uploads\/2021\/09\/SE_History_img_2-208x300.jpg 208w, https:\/\/tax.se1910.com\/wp-content\/uploads\/2021\/09\/SE_History_img_2.jpg 273w\" sizes=\"(max-width: 208px) 100vw, 208px\" \/>Vogt f\u00fchrte nach R\u00fcckkehr aus der Kriegsgefangenschaft im Kriegsgefangenenlager Kurume 1919 seine Anwaltspraxis allein in Yokohama fort, die infolge der rapiden technischen Entwicklung Deutschlands einen rapiden Aufschwung nahm. Anfang 1927 lernte Vogt, der nach Nachwuchs f\u00fcr die Kanzlei Ausschau hielt, in Hamburg \u00fcber einen Bekannten den deutschen Juristen Dr. Roland Sonderhoff kennen, der zu jener Zeit als Prokurist der Norddeutschen Bank arbeitete, und konnte ihn f\u00fcr die T\u00e4tigkeit in Japan interessieren. Am 15. M\u00e4rz 1929, in der Zeit vor der gro\u00dfen Wirtschaftskrise, siedelte Sonderhoff nach Japan \u00fcber und wurde Angestellter der Kanzlei, um Vogt bei seiner Arbeit in Japan zu unterst\u00fctzen. 1932 wurde Sonderhoff interner Teilhaber, die Kanzlei wurde nun unter dem Namen \u201eDres. K. Vogt &amp; R. Sonderhoff\u201c fortgef\u00fchrt. Bis 1939 wuchs sie auf 40 Angestellte.<br \/>\nAuch w\u00e4hrend des zweiten Weltkriegs blieb Vogt in Japan. Sonderhoff war w\u00e4hrend der Kriegszeit u.a. als Syndikus der deutschen Handelskammer in Japan t\u00e4tig. 1946 wurde das Yaesu-Geb\u00e4ude, in dem sich die Kanzlei befand, durch die Alliierten konfisziert und die Kanzlei zwangsweise geschlossen. Sonderhoff musste aufgrund der allgemeinen Repatriierung 1947 mit seiner Familie nach Deutschland zur\u00fcckkehren, Vogt geh\u00f6rte zu den wenigen Deutschen, die in Japan bleiben durften. Trotz bereits eingeschr\u00e4nkter Gesundheit widmete er sich dem Wiederaufbau seiner Kanzlei, die er ab 1949 mit Genehmigung der japanischen Beh\u00f6rden zun\u00e4chst wieder allein in seinem Wohnhaus aufnahm.<\/p>\n<\/div><\/section><br \/>\n\n<style type=\"text\/css\" data-created_by=\"avia_inline_auto\" id=\"style-css-av-av_hr-1deae294de86921cadf9622fb2da0879\">\n#top .hr.hr-invisible.av-av_hr-1deae294de86921cadf9622fb2da0879{\nheight:25px;\n}\n<\/style>\n<div  class='hr av-av_hr-1deae294de86921cadf9622fb2da0879 hr-invisible  avia-builder-el-10  el_after_av_textblock  el_before_av_textblock '><span class='hr-inner '><span class=\"hr-inner-style\"><\/span><\/span><\/div><br \/>\n<section  class='av_textblock_section av-av_textblock-396ddf1f42196ca838231e61a4602801 '   itemscope=\"itemscope\" itemtype=\"https:\/\/schema.org\/CreativeWork\" ><div class='avia_textblock'  itemprop=\"text\" ><p>Sonderhoff holte in der Zwischenzeit in Hamburg erfolgreich das Rechtsreferendariat nach und arbeitete anschlie\u00dfend f\u00fcr kurze Zeit als Rechtsanwalt in Hamburg. Im Jahr 1952 holte Vogt seinen bew\u00e4hrten Partner in die von ihm seit Kriegsende neuaufgebaute Kanzlei zur\u00fcck \u2013 am 10.6.1952 reiste Sonderhoff mit dem ersten einem Deutschen neu erteilten Visum (\u201eNr. 1\u201c) wieder nach Japan ein und setzte seine Arbeit in Tokyo fort.<br \/>\n1954, mit 76 Jahren, trat Vogt als aktiver Partner zur\u00fcck und blieb beratend t\u00e4tig. Zu seinem 80. Geburtstag erhielt er in Anerkennung seiner Leistungen das Bundesverdienstkreuz 1. Klasse. Bis zu seinem Tod mit 82 Jahren 1960 blieb er der einzige in Japan zugelassene ausl\u00e4ndische Patentanwalt.<\/p>\n<\/div><\/section><br \/>\n\n<style type=\"text\/css\" data-created_by=\"avia_inline_auto\" id=\"style-css-av-av_hr-1deae294de86921cadf9622fb2da0879\">\n#top .hr.hr-invisible.av-av_hr-1deae294de86921cadf9622fb2da0879{\nheight:25px;\n}\n<\/style>\n<div  class='hr av-av_hr-1deae294de86921cadf9622fb2da0879 hr-invisible  avia-builder-el-12  el_after_av_textblock  el_before_av_textblock '><span class='hr-inner '><span class=\"hr-inner-style\"><\/span><\/span><\/div><br \/>\n<section  class='av_textblock_section av-av_textblock-396ddf1f42196ca838231e61a4602801 '   itemscope=\"itemscope\" itemtype=\"https:\/\/schema.org\/CreativeWork\" ><div class='avia_textblock'  itemprop=\"text\" ><p><img decoding=\"async\" class=\"size-medium wp-image-1906 alignleft\" src=\"https:\/\/se1910.com\/wpadmin\/wp-content\/uploads\/2021\/09\/SE_History_img_3-208x300.jpg\" alt=\"\" width=\"208\" height=\"300\" srcset=\"https:\/\/tax.se1910.com\/wp-content\/uploads\/2021\/09\/SE_History_img_3-208x300.jpg 208w, https:\/\/tax.se1910.com\/wp-content\/uploads\/2021\/09\/SE_History_img_3.jpg 273w\" sizes=\"(max-width: 208px) 100vw, 208px\" \/>Im Jahr 1956 berief die Kanzlei Dres. Vogt &amp; Sonderhoff den 1927 in Berlin geborenen Rechtsanwalt Reinhard Einsel als neuen Mitarbeiter nach Tokyo. Reinhard Einsel hatte nach Kriegsdienst und -gefangenschaft zun\u00e4chst eine Ausbildung als Berufsfremdsprachler Englisch absolviert, dann an der Georg-August-Universit\u00e4t in G\u00f6ttingen Jura studiert. Nach dem Rechtsreferendariat in Celle und der erforderlichen einj\u00e4hrigen Bet\u00e4tigung als Anwaltsassessor war er im M\u00e4rz 1956 in Hannover als Rechtsanwalt zugelassen worden, nun, lediglich drei Monate sp\u00e4ter, nahm er die Arbeit in Tokyo auf. Sofort nach seiner Ankunft in Japan begann Reinhard Einsel ein acht Jahre dauerndes Abendstudium der japanischen Sprache an der ber\u00fchmten Naganuma-Sprachschule in Tokyo, das er mit dem abschlie\u00dfenden Dolmetscherexamen absolvierte. 1965 wurde Reinhard Einsel auf dem noch immer unter US-Besatzung stehenden Okinawa auch als\u00a0ausl\u00e4ndischer Rechtsanwalt zugelassen \u2013 was der Oberste Gerichtshof Japans im Juli 1972, nach der R\u00fcckgabe Okinawas an Japan, auf das gesamte japanische Staatsgebiet ausdehnte. Von dieser Zeit an firmierte die Kanzlei als \u201eSonderhoff &amp; Einsel\u201c. Reinhard Einsel diente bis zu seinem Tod 2009 der deutschen Gemeinde in Japan nicht nur als Anwalt mit Schwerpunkt Patentverletzungsklagen, er \u00fcbernahm auch diverse Vertrauenspositionen wie den Vorsitz der deutschen Handelskammer, im Vorstand der deutschen Schule und im Fonds f\u00fcr bed\u00fcrftige Deutsche (BDF). 1975 erhielt er das Bundesverdienstkreuz am Bande, 1992 das Bundesverdienstkreuz 1. Klasse.<\/p>\n<\/div><\/section><br \/>\n\n<style type=\"text\/css\" data-created_by=\"avia_inline_auto\" id=\"style-css-av-av_hr-1deae294de86921cadf9622fb2da0879\">\n#top .hr.hr-invisible.av-av_hr-1deae294de86921cadf9622fb2da0879{\nheight:25px;\n}\n<\/style>\n<div  class='hr av-av_hr-1deae294de86921cadf9622fb2da0879 hr-invisible  avia-builder-el-14  el_after_av_textblock  el_before_av_textblock '><span class='hr-inner '><span class=\"hr-inner-style\"><\/span><\/span><\/div><br \/>\n<section  class='av_textblock_section av-m71btie9-bec62b8675d315dc496f8de2dce0b56e '   itemscope=\"itemscope\" itemtype=\"https:\/\/schema.org\/CreativeWork\" ><div class='avia_textblock'  itemprop=\"text\" ><p><img decoding=\"async\" class=\"size-medium wp-image-1909 alignright\" src=\"https:\/\/se1910.com\/wpadmin\/wp-content\/uploads\/2021\/09\/SE_History_img_4-208x300.jpg\" alt=\"\" width=\"208\" height=\"300\" srcset=\"https:\/\/tax.se1910.com\/wp-content\/uploads\/2021\/09\/SE_History_img_4-208x300.jpg 208w, https:\/\/tax.se1910.com\/wp-content\/uploads\/2021\/09\/SE_History_img_4.jpg 273w\" sizes=\"(max-width: 208px) 100vw, 208px\" \/>1994 trat Reinhard Einsels aus der Ehe mit seiner japanischen Frau Teiko hervorgegangene Sohn Felix-Reinhard Einsel in die Kanzlei ein. Felix Einsel, Jahrgang 1968, hat in Japan und den USA Rechtswissenschaften studiert. Nach der Zulassung als US-Rechtsanwalt im Staat New York legte Felix Einsel 1999 auch das Patentanwaltsexamen in Japan ab und wurde als Patentanwalt in Tokyo zugelassen. Heute ist er Managing Partner bei Sonderhoff &amp; Einsel. \u00a0Damit schlie\u00dft sich ein Kreis \u2013 wie zuvor Dr. Karl Vogt, ist Felix Einsel der einzige in Japan als Patentanwalt zugelassene Deutsche, und f\u00fchrt nun als solcher die Kanzlei in das zweite Jahrhundert ihres Bestehens. Mit der einzigartigen Ausrichtung auf europ\u00e4ische, insbesondere deutschsprachige Mandantschaft unterst\u00fctzt unsere Kanzlei ihre Mandanten \u2013 mittlerweile ist Sonderhoff &amp; Einsel auch mit einem kleinen, stetig wachsenden B\u00fcro in Peking pr\u00e4sent. All dies auf eine Weise, die so ist, wie die Kanzlei selbst \u2013 traditionsbewusst und multikulturell, kompetitiv und den Herausforderungen der jeweiligen Zeit begegnend, zum Wohle unserer Mandanten.<\/p>\n<\/div><\/section><\/p><\/div><\/div><\/div><\/div><!-- close content main div --><\/div><\/div><div id='after_section_1'  class='main_color av_default_container_wrap container_wrap sidebar_right'  ><div class='container av-section-cont-open' ><div class='template-page content  av-content-small alpha units'><div class='post-entry post-entry-type-page post-entry-1916'><div class='entry-content-wrapper clearfix'>\n","protected":false},"excerpt":{"rendered":"","protected":false},"author":9,"featured_media":0,"parent":0,"menu_order":0,"comment_status":"closed","ping_status":"closed","template":"","meta":{"_acf_changed":false,"footnotes":""},"class_list":["post-1916","page","type-page","status-publish","hentry"],"acf":[],"_links":{"self":[{"href":"https:\/\/tax.se1910.com\/de\/wp-json\/wp\/v2\/pages\/1916","targetHints":{"allow":["GET"]}}],"collection":[{"href":"https:\/\/tax.se1910.com\/de\/wp-json\/wp\/v2\/pages"}],"about":[{"href":"https:\/\/tax.se1910.com\/de\/wp-json\/wp\/v2\/types\/page"}],"author":[{"embeddable":true,"href":"https:\/\/tax.se1910.com\/de\/wp-json\/wp\/v2\/users\/9"}],"replies":[{"embeddable":true,"href":"https:\/\/tax.se1910.com\/de\/wp-json\/wp\/v2\/comments?post=1916"}],"version-history":[{"count":6,"href":"https:\/\/tax.se1910.com\/de\/wp-json\/wp\/v2\/pages\/1916\/revisions"}],"predecessor-version":[{"id":11075,"href":"https:\/\/tax.se1910.com\/de\/wp-json\/wp\/v2\/pages\/1916\/revisions\/11075"}],"wp:attachment":[{"href":"https:\/\/tax.se1910.com\/de\/wp-json\/wp\/v2\/media?parent=1916"}],"curies":[{"name":"wp","href":"https:\/\/api.w.org\/{rel}","templated":true}]}}