{"id":2177,"date":"2021-09-16T18:37:19","date_gmt":"2021-09-16T18:37:19","guid":{"rendered":"https:\/\/se1910.com\/practices\/tax-consulting\/"},"modified":"2022-01-11T12:28:16","modified_gmt":"2022-01-11T12:28:16","slug":"tax-consulting","status":"publish","type":"page","link":"https:\/\/tax.se1910.com\/de\/tax-consulting\/","title":{"rendered":"Steuerberatung"},"content":{"rendered":"<div id='full_slider_1'  class='avia-fullwidth-slider main_color avia-shadow   avia-builder-el-0  el_before_av_section  avia-builder-el-first   container_wrap sidebar_right'  >\n<style type=\"text\/css\" data-created_by=\"avia_inline_auto\" id=\"style-css-av-av_slideshow_full-85f7e3fd109e36cdb2713ea35cfe5185\">\n#top #wrap_all .avia-slideshow .av-slideshow-caption.av-av_slideshow_full-85f7e3fd109e36cdb2713ea35cfe5185__0 .avia-caption-title{\nfont-size:36px;\n}\n<\/style>\n<div  class='avia-slideshow av-av_slideshow_full-85f7e3fd109e36cdb2713ea35cfe5185 avia-slideshow-no scaling av_slideshow_full avia-slide-slider av-slideshow-ui av-control-hidden av-no-slider-navigation av-hide-nav-arrows av-slideshow-manual av-loop-once av-loop-manual-endless av-default-height-applied   avia-slideshow-1' data-slideshow-options=\"{&quot;animation&quot;:&quot;slide&quot;,&quot;autoplay&quot;:false,&quot;loop_autoplay&quot;:&quot;once&quot;,&quot;interval&quot;:5,&quot;loop_manual&quot;:&quot;manual-endless&quot;,&quot;autoplay_stopper&quot;:false,&quot;noNavigation&quot;:true,&quot;bg_slider&quot;:false,&quot;keep_padding&quot;:false,&quot;hoverpause&quot;:false,&quot;show_slide_delay&quot;:0}\"  itemprop=\"image\" itemscope=\"itemscope\" itemtype=\"https:\/\/schema.org\/ImageObject\" ><ul class='avia-slideshow-inner ' style='padding-bottom: 56.25%;'><li  class='avia-slideshow-slide av-av_slideshow_full-85f7e3fd109e36cdb2713ea35cfe5185__0  av-single-slide slide-1 slide-odd'><div data-rel='slideshow-1' class='avia-slide-wrap '   ><div class='av-slideshow-caption av-av_slideshow_full-85f7e3fd109e36cdb2713ea35cfe5185__0 caption_fullwidth caption_center'><div class=\"container caption_container\"><div class=\"slideshow_caption\"><div class=\"slideshow_inner_caption\"><div class=\"slideshow_align_caption\"><h2 class='avia-caption-title '  itemprop=\"name\" >Steuerberatung<\/h2><\/div><\/div><\/div><\/div><\/div><img decoding=\"async\" class=\"wp-image-578 avia-img-lazy-loading-not-578\"  src=\"https:\/\/tax.se1910.com\/wp-content\/uploads\/2021\/07\/e99cceb5cd97e051af6c43186e045564-e1641635708136.jpg\" width=\"1920\" height=\"1080\" title='e99cceb5cd97e051af6c43186e045564' alt=''  itemprop=\"thumbnailUrl\"  style='min-height:300px; min-width:534px; ' \/><div class='av-section-color-overlay' style='opacity: 0.5; background-color: #232323; '><\/div><\/div><\/li><\/ul><\/div><\/div>\n<div id='av_section_1'  class='avia-section av-av_section-31779286dc2676a8567fef3678c764df main_color avia-section-default avia-no-shadow  avia-builder-el-1  el_after_av_slideshow_full  avia-builder-el-last  avia-bg-style-scroll container_wrap sidebar_right'  ><div class='container av-section-cont-open' ><div class='template-page content  av-content-small alpha units'><div class='post-entry post-entry-type-page post-entry-2177'><div class='entry-content-wrapper clearfix'>\n\n<style type=\"text\/css\" data-created_by=\"avia_inline_auto\" id=\"style-css-av-av_one_full-6126cab7d8fab8d08143dd2dacdf673c\">\n.flex_column.av-av_one_full-6126cab7d8fab8d08143dd2dacdf673c{\n-webkit-border-radius:0px 0px 0px 0px;\n-moz-border-radius:0px 0px 0px 0px;\nborder-radius:0px 0px 0px 0px;\npadding:0px 0px 0px 0px;\n}\n<\/style>\n<div  class='flex_column av-av_one_full-6126cab7d8fab8d08143dd2dacdf673c av_one_full  avia-builder-el-2  avia-builder-el-no-sibling  first flex_column_div av-zero-column-padding  '     ><p><section  class='av_textblock_section av-av_textblock-396ddf1f42196ca838231e61a4602801 '   itemscope=\"itemscope\" itemtype=\"https:\/\/schema.org\/CreativeWork\" ><div class='avia_textblock'  itemprop=\"text\" ><p>Mit unserem Team zugelassener japanischer Steuerberater und mehr als 10 zweisprachigen Mitarbeitern unterst\u00fctzen wir, Sonderhoff &amp; Einsel Tax Co., Unternehmen und Privatpersonen in s\u00e4mtlichen Steuer-, Buchhaltungs- und Gehaltsabrechnungsbelangen gem\u00e4\u00df den japanischen Gesetzen und Regelungen.<\/p>\n<\/div><\/section><br \/>\n<div  class='togglecontainer av-av_toggle_container-8e0c6e39d39b619a829887bd54fff3ed  avia-builder-el-4  el_after_av_textblock  avia-builder-el-last  toggle_close_all' >\n<section class='av_toggle_section av-av_toggle-fadd4febd060d109a94bd28392573ca9'  itemscope=\"itemscope\" itemtype=\"https:\/\/schema.org\/CreativeWork\" ><div role=\"tablist\" class=\"single_toggle\" data-tags=\"{Alle} \"  ><p data-fake-id='#toggle-id-1' class='toggler   '  itemprop=\"headline\"  role='tab' tabindex='0' aria-controls='toggle-id-1'>Unternehmensgr\u00fcndung in Japan<span class=\"toggle_icon\"><span class=\"vert_icon\"><\/span><span class=\"hor_icon\"><\/span><\/span><\/p><div id='toggle-id-1' class='toggle_wrap  '  ><div class='toggle_content invers-color '  itemprop=\"text\" ><p>Ein wichtiger Punkt bei einer Firmengr\u00fcndung in Japan ist die Wahl der Unternehmensform, bspw. Repr\u00e4sentationsb\u00fcro, Niederlassung oder Tochtergesellschaft. Unsere japanischen\u00a0Steuerberater bieten Ihnen Beratung und Unterst\u00fctzung bei der Planung und Auswahl der f\u00fcr Sie geeigneten Unternehmensstruktur. In Zusammenarbeit mit der Rechtsabteilung des Sonderhoff &amp; Einsel Law and Patent Office bieten wir einen One-Stop-Service in allen rechtlichen und steuerrechtlichen Fragen bez\u00fcglich Firmengr\u00fcndungen in Japan an.<\/p>\n<\/div><\/div><\/div><\/section>\n<section class='av_toggle_section av-av_toggle-bc919ba776dcd10a6d14469e9fc4c4fa'  itemscope=\"itemscope\" itemtype=\"https:\/\/schema.org\/CreativeWork\" ><div role=\"tablist\" class=\"single_toggle\" data-tags=\"{Alle} \"  ><p data-fake-id='#toggle-id-2' class='toggler   '  itemprop=\"headline\"  role='tab' tabindex='0' aria-controls='toggle-id-2'>Buchhaltung und Abschlussberichte<span class=\"toggle_icon\"><span class=\"vert_icon\"><\/span><span class=\"hor_icon\"><\/span><\/span><\/p><div id='toggle-id-2' class='toggle_wrap  '  ><div class='toggle_content invers-color '  itemprop=\"text\" ><p>Unsere Dienstleistungen umfassen die Buchhaltungs- und Berichtserstellung unter Ber\u00fccksichtigung von Konzernkontenpl\u00e4nen und Vorgaben der Muttergesellschaft. Weiterhin erstellen wir Abschlussberichte basierend auf japanischen Bilanzierungsregeln oder IFRS.<\/p>\n<\/div><\/div><\/div><\/section>\n<section class='av_toggle_section av-av_toggle-9a6c08f70f4618ac85e963ad16ad458a'  itemscope=\"itemscope\" itemtype=\"https:\/\/schema.org\/CreativeWork\" ><div role=\"tablist\" class=\"single_toggle\" data-tags=\"{Alle} \"  ><p data-fake-id='#toggle-id-3' class='toggler   '  itemprop=\"headline\"  role='tab' tabindex='0' aria-controls='toggle-id-3'>Gehaltsabrechnungen<span class=\"toggle_icon\"><span class=\"vert_icon\"><\/span><span class=\"hor_icon\"><\/span><\/span><\/p><div id='toggle-id-3' class='toggle_wrap  '  ><div class='toggle_content invers-color '  itemprop=\"text\" ><p>Wir bieten die Erstellung von Gehaltsabrechnungen an, wozu unter anderem auch die Berechnung der Lohnsteuer und der Sozialversicherungsbeitr\u00e4ge geh\u00f6rt. Au\u00dferdem erstellen wir alle regelm\u00e4\u00dfig notwendigen Berichte und erledigen die Formalit\u00e4ten, wenn ein neues Arbeitsverh\u00e4ltnis begonnen oder ein bestehendes Arbeitsverh\u00e4ltnis beendet wird.<\/p>\n<\/div><\/div><\/div><\/section>\n<section class='av_toggle_section av-av_toggle-05a59acc18276dfdc721c589dc70d3b6'  itemscope=\"itemscope\" itemtype=\"https:\/\/schema.org\/CreativeWork\" ><div role=\"tablist\" class=\"single_toggle\" data-tags=\"{Alle} \"  ><p data-fake-id='#toggle-id-4' class='toggler   '  itemprop=\"headline\"  role='tab' tabindex='0' aria-controls='toggle-id-4'>Tax Compliance<span class=\"toggle_icon\"><span class=\"vert_icon\"><\/span><span class=\"hor_icon\"><\/span><\/span><\/p><div id='toggle-id-4' class='toggle_wrap  '  ><div class='toggle_content invers-color '  itemprop=\"text\" ><p>Unsere japanischen Steuerberater helfen Ihnen bei der Erf\u00fcllung der umfangreichen steuerlichen Pflichten. Unsere Leistungen umfassen z.B. die Erstellung von K\u00f6rperschaftsteuererkl\u00e4rungen, Umsatzsteuererkl\u00e4rungen, Verm\u00f6gensteuererkl\u00e4rungen und Steuererkl\u00e4rungen f\u00fcr die in Japan zu entrichtende B\u00fcroraumsteuer. Auch stehen wir internationalen Unternehmen bei der strategischen Steuerplanung beratend zur Seite.<\/p>\n<\/div><\/div><\/div><\/section>\n<section class='av_toggle_section av-av_toggle-d317946db97beac6826e40b1f6af6be2'  itemscope=\"itemscope\" itemtype=\"https:\/\/schema.org\/CreativeWork\" ><div role=\"tablist\" class=\"single_toggle\" data-tags=\"{Alle} \"  ><p data-fake-id='#toggle-id-5' class='toggler   '  itemprop=\"headline\"  role='tab' tabindex='0' aria-controls='toggle-id-5'>Internationale Entsendungen<span class=\"toggle_icon\"><span class=\"vert_icon\"><\/span><span class=\"hor_icon\"><\/span><\/span><\/p><div id='toggle-id-5' class='toggle_wrap  '  ><div class='toggle_content invers-color '  itemprop=\"text\" ><p>Bei grenz\u00fcberschreitenden Mitarbeiterentsendungen k\u00f6nnen Sie auf unsere langj\u00e4hrige Erfahrung z\u00e4hlen. Unsere japanischen Steuerberater bieten Unternehmen Steuerplanungsvorschl\u00e4ge f\u00fcr Entsendungen, was auch die Beratung hinsichtlich der Regeln von Doppelbesteuerungs- und Sozialversicherungsabkommen umfasst. F\u00fcr Privatpersonen erstellen wir Einkommensteuererkl\u00e4rungen und bieten die Berechnung der Lokalsteuer und der Steuervorauszahlungen an.<\/p>\n<\/div><\/div><\/div><\/section>\n<section class='av_toggle_section av-av_toggle-472404a078efe4b0f2920ff144a61f6d'  itemscope=\"itemscope\" itemtype=\"https:\/\/schema.org\/CreativeWork\" ><div role=\"tablist\" class=\"single_toggle\" data-tags=\"{Alle} \"  ><p data-fake-id='#toggle-id-6' class='toggler   '  itemprop=\"headline\"  role='tab' tabindex='0' aria-controls='toggle-id-6'>Beratung in allen steuerlichen Belangen<span class=\"toggle_icon\"><span class=\"vert_icon\"><\/span><span class=\"hor_icon\"><\/span><\/span><\/p><div id='toggle-id-6' class='toggle_wrap  '  ><div class='toggle_content invers-color '  itemprop=\"text\" ><p>Nach Absprache mit unseren Mandanten bieten wir Steuerberatungsleistungen wie bspw. die Berechnung latenter Steuern, Beratungen bei Pr\u00fcfungen der Steuerbeh\u00f6rde, die Anfertigung von Verrechnungspreisstudien, die Erstellung und Einreichung von Antr\u00e4gen im Zusammenhang mit Steuerabkommen, die\u00a0Dienstleistung als Steuerbevollm\u00e4chtigten f\u00fcr ausl\u00e4ndische Mandanten, die Erstellung von Erbschaftsteuererkl\u00e4rungen usw. an.<\/p>\n<\/div><\/div><\/div><\/section>\n<\/div><\/p><\/div>\n<\/div><\/div><\/div><!-- close content main div --><\/div><\/div><div id='after_section_1'  class='main_color av_default_container_wrap container_wrap sidebar_right'  ><div class='container av-section-cont-open' ><div class='template-page content  av-content-small alpha units'><div class='post-entry post-entry-type-page post-entry-2177'><div class='entry-content-wrapper clearfix'>\n","protected":false},"excerpt":{"rendered":"","protected":false},"author":9,"featured_media":0,"parent":0,"menu_order":0,"comment_status":"closed","ping_status":"closed","template":"","meta":{"_acf_changed":false,"footnotes":""},"class_list":["post-2177","page","type-page","status-publish","hentry"],"acf":[],"_links":{"self":[{"href":"https:\/\/tax.se1910.com\/de\/wp-json\/wp\/v2\/pages\/2177","targetHints":{"allow":["GET"]}}],"collection":[{"href":"https:\/\/tax.se1910.com\/de\/wp-json\/wp\/v2\/pages"}],"about":[{"href":"https:\/\/tax.se1910.com\/de\/wp-json\/wp\/v2\/types\/page"}],"author":[{"embeddable":true,"href":"https:\/\/tax.se1910.com\/de\/wp-json\/wp\/v2\/users\/9"}],"replies":[{"embeddable":true,"href":"https:\/\/tax.se1910.com\/de\/wp-json\/wp\/v2\/comments?post=2177"}],"version-history":[{"count":5,"href":"https:\/\/tax.se1910.com\/de\/wp-json\/wp\/v2\/pages\/2177\/revisions"}],"predecessor-version":[{"id":5485,"href":"https:\/\/tax.se1910.com\/de\/wp-json\/wp\/v2\/pages\/2177\/revisions\/5485"}],"wp:attachment":[{"href":"https:\/\/tax.se1910.com\/de\/wp-json\/wp\/v2\/media?parent=2177"}],"curies":[{"name":"wp","href":"https:\/\/api.w.org\/{rel}","templated":true}]}}